{"id":20,"date":"2026-03-13T08:38:51","date_gmt":"2026-03-13T08:38:51","guid":{"rendered":"https:\/\/pusandurango.rkinformatika.online\/?page_id=20"},"modified":"2026-04-09T07:54:22","modified_gmt":"2026-04-09T07:54:22","slug":"inicio","status":"publish","type":"page","link":"https:\/\/pusandurango.com\/eu\/","title":{"rendered":"Hasiera"},"content":{"rendered":"\t\t<div data-elementor-type=\"wp-page\" data-elementor-id=\"20\" class=\"elementor elementor-20\" data-elementor-post-type=\"page\">\n\t\t\t\t<div class=\"elementor-element elementor-element-6f9c7576 e-con-full e-flex e-con e-parent\" data-id=\"6f9c7576\" data-element_type=\"container\" data-e-type=\"container\" data-settings=\"{&quot;background_background&quot;:&quot;classic&quot;}\">\n\t\t<div class=\"elementor-element elementor-element-682eac e-flex e-con-boxed e-con e-child\" data-id=\"682eac\" data-element_type=\"container\" data-e-type=\"container\" data-settings=\"{&quot;background_background&quot;:&quot;classic&quot;}\">\n\t\t\t\t\t<div class=\"e-con-inner\">\n\t\t\t\t<div class=\"elementor-element elementor-element-64129117 elementor-widget elementor-widget-heading\" data-id=\"64129117\" data-element_type=\"widget\" data-e-type=\"widget\" data-widget_type=\"heading.default\">\n\t\t\t\t\t<h2 class=\"elementor-heading-title elementor-size-default\">Reformas de interiores y carpinter\u00eda en aluminio y PVC<\/h2>\t\t\t\t<\/div>\n\t\t\t\t<div class=\"elementor-element elementor-element-511a58e5 elementor-widget elementor-widget-text-editor\" data-id=\"511a58e5\" data-element_type=\"widget\" data-e-type=\"widget\" data-widget_type=\"text-editor.default\">\n\t\t\t\t\t\t\t\t\t<p>En <strong data-start=\"333\" data-end=\"342\">PUSAN<\/strong> contamos con m\u00e1s de <strong data-start=\"363\" data-end=\"389\">25 a\u00f1os de experiencia<\/strong> en la instalaci\u00f3n y rehabilitaci\u00f3n de ventanas, puertas y cerramientos de balc\u00f3n. Ofrecemos soluciones duraderas de <strong data-start=\"506\" data-end=\"561\">aislamiento ac\u00fastico y protecci\u00f3n contra la humedad<\/strong> para particulares y empresas.<\/p>\t\t\t\t\t\t\t\t<\/div>\n\t\t\t\t<div class=\"elementor-element elementor-element-14cb8765 elementor-tablet-align-center elementor-mobile-align-center elementor-widget elementor-widget-button\" data-id=\"14cb8765\" data-element_type=\"widget\" data-e-type=\"widget\" data-widget_type=\"button.default\">\n\t\t\t\t\t\t\t\t\t\t<a class=\"elementor-button elementor-button-link elementor-size-sm\" href=\"\/servicios\" id=\"hero-button\">\n\t\t\t\t\t\t<span class=\"elementor-button-content-wrapper\">\n\t\t\t\t\t\t\t\t\t<span class=\"elementor-button-text\">Ver Servicios<\/span>\n\t\t\t\t\t<\/span>\n\t\t\t\t\t<\/a>\n\t\t\t\t\t\t\t\t<\/div>\n\t\t\t\t\t<\/div>\n\t\t\t\t<\/div>\n\t\t<div class=\"elementor-element elementor-element-f81a336 e-con-full e-flex e-con e-child\" data-id=\"f81a336\" data-element_type=\"container\" data-e-type=\"container\" data-settings=\"{&quot;background_background&quot;:&quot;gradient&quot;,&quot;position&quot;:&quot;absolute&quot;}\">\n\t\t\t\t<div class=\"elementor-element elementor-element-e042bdb elementor-widget elementor-widget-heading\" data-id=\"e042bdb\" data-element_type=\"widget\" data-e-type=\"widget\" data-widget_type=\"heading.default\">\n\t\t\t\t\t<h2 class=\"elementor-heading-title elementor-size-default\">.<\/h2>\t\t\t\t<\/div>\n\t\t\t\t<\/div>\n\t\t\t\t<\/div>\n\t\t<div class=\"elementor-element elementor-element-979adc3 e-flex e-con-boxed e-con e-parent\" data-id=\"979adc3\" data-element_type=\"container\" data-e-type=\"container\" data-settings=\"{&quot;background_background&quot;:&quot;classic&quot;}\">\n\t\t\t\t\t<div class=\"e-con-inner\">\n\t\t\t\t<div class=\"elementor-element elementor-element-2c603caa elementor-widget elementor-widget-heading\" data-id=\"2c603caa\" data-element_type=\"widget\" data-e-type=\"widget\" data-widget_type=\"heading.default\">\n\t\t\t\t\t<h2 class=\"elementor-heading-title elementor-size-default\">M\u00e1s de 25 a\u00f1os de experiencia en el sector<\/h2>\t\t\t\t<\/div>\n\t\t<div class=\"elementor-element elementor-element-1f36015 e-flex e-con-boxed e-con e-child\" data-id=\"1f36015\" data-element_type=\"container\" data-e-type=\"container\">\n\t\t\t\t\t<div class=\"e-con-inner\">\n\t\t\t\t<div class=\"elementor-element elementor-element-6c313389 elementor-widget__width-initial elementor-widget elementor-widget-text-editor\" data-id=\"6c313389\" data-element_type=\"widget\" data-e-type=\"widget\" data-widget_type=\"text-editor.default\">\n\t\t\t\t\t\t\t\t\t<p data-start=\"707\" data-end=\"1030\">PUSAN es una empresa especializada en <strong data-start=\"756\" data-end=\"814\">reformas de interiores y carpinter\u00eda en aluminio y PVC<\/strong>.<br data-start=\"815\" data-end=\"818\" \/>Durante m\u00e1s de dos d\u00e9cadas hemos trabajado ofreciendo soluciones de calidad en la instalaci\u00f3n y reparaci\u00f3n de <strong data-start=\"915\" data-end=\"951\">ventanas, puertas y cerramientos<\/strong>, mejorando el confort, el aislamiento y la eficiencia de viviendas y negocios.<\/p><p data-start=\"1032\" data-end=\"1167\">Trabajamos tanto para <strong data-start=\"1054\" data-end=\"1089\">particulares como para empresas<\/strong>, adapt\u00e1ndonos a cada proyecto y ofreciendo un servicio profesional y cercano.<\/p>\t\t\t\t\t\t\t\t<\/div>\n\t\t\t\t<div class=\"elementor-element elementor-element-4ac3319 elementor-widget elementor-widget-image\" data-id=\"4ac3319\" data-element_type=\"widget\" data-e-type=\"widget\" data-widget_type=\"image.default\">\n\t\t\t\t\t\t\t\t\t\t\t\t\t\t\t<img fetchpriority=\"high\" decoding=\"async\" width=\"568\" height=\"378\" src=\"https:\/\/pusandurango.com\/wp-content\/uploads\/2026\/03\/image-3.avif\" class=\"attachment-medium_large size-medium_large wp-image-143\" alt=\"\" srcset=\"https:\/\/pusandurango.com\/wp-content\/uploads\/2026\/03\/image-3.avif 568w, https:\/\/pusandurango.com\/wp-content\/uploads\/2026\/03\/image-3-300x200.jpg 300w, https:\/\/pusandurango.com\/wp-content\/uploads\/2026\/03\/image-3-18x12.jpg 18w\" sizes=\"(max-width: 568px) 100vw, 568px\" \/>\t\t\t\t\t\t\t\t\t\t\t\t\t\t\t<\/div>\n\t\t\t\t\t<\/div>\n\t\t\t\t<\/div>\n\t\t\t\t\t<\/div>\n\t\t\t\t<\/div>\n\t\t<div class=\"elementor-element elementor-element-1c37d24f e-flex e-con-boxed e-con e-parent\" data-id=\"1c37d24f\" data-element_type=\"container\" data-e-type=\"container\" data-settings=\"{&quot;background_background&quot;:&quot;gradient&quot;}\">\n\t\t\t\t\t<div class=\"e-con-inner\">\n\t\t<div class=\"elementor-element elementor-element-189abea0 e-con-full e-flex e-con e-child\" data-id=\"189abea0\" data-element_type=\"container\" data-e-type=\"container\" data-settings=\"{&quot;background_background&quot;:&quot;gradient&quot;}\">\n\t\t<div class=\"elementor-element elementor-element-68bf1b65 e-flex e-con-boxed e-con e-child\" data-id=\"68bf1b65\" data-element_type=\"container\" data-e-type=\"container\">\n\t\t\t\t\t<div class=\"e-con-inner\">\n\t\t<div class=\"elementor-element elementor-element-6c6e6ff9 e-grid e-con-full stack-parent e-con e-child\" data-id=\"6c6e6ff9\" data-element_type=\"container\" data-e-type=\"container\" data-settings=\"{&quot;motion_fx_motion_fx_scrolling&quot;:&quot;yes&quot;,&quot;motion_fx_devices&quot;:[&quot;desktop&quot;,&quot;tablet&quot;,&quot;mobile&quot;]}\">\n\t\t<div class=\"elementor-element elementor-element-4728778a e-con-full card-left stacked-card e-flex e-con e-child\" data-id=\"4728778a\" data-element_type=\"container\" data-e-type=\"container\" data-settings=\"{&quot;background_background&quot;:&quot;classic&quot;,&quot;motion_fx_motion_fx_scrolling&quot;:&quot;yes&quot;,&quot;motion_fx_motion_fx_mouse&quot;:&quot;yes&quot;,&quot;animation&quot;:&quot;none&quot;,&quot;motion_fx_devices&quot;:[&quot;desktop&quot;,&quot;tablet&quot;,&quot;mobile&quot;]}\">\n\t\t<div class=\"elementor-element elementor-element-4836145f e-con-full card-image e-flex e-con e-child\" data-id=\"4836145f\" data-element_type=\"container\" data-e-type=\"container\" data-settings=\"{&quot;background_background&quot;:&quot;classic&quot;}\">\n\t\t\t\t<\/div>\n\t\t\t\t<div class=\"elementor-element elementor-element-554b42d7 elementor-widget elementor-widget-heading\" data-id=\"554b42d7\" data-element_type=\"widget\" data-e-type=\"widget\" data-widget_type=\"heading.default\">\n\t\t\t\t\t<h2 class=\"elementor-heading-title elementor-size-default\">Especialistas en aluminio y PVC<\/h2>\t\t\t\t<\/div>\n\t\t\t\t<div class=\"elementor-element elementor-element-3d8a228 elementor-widget elementor-widget-text-editor\" data-id=\"3d8a228\" data-element_type=\"widget\" data-e-type=\"widget\" data-widget_type=\"text-editor.default\">\n\t\t\t\t\t\t\t\t\t<p data-start=\"1478\" data-end=\"1598\">Trabajamos con materiales resistentes y de alta calidad para garantizar instalaciones duraderas y eficientes.<\/p>\t\t\t\t\t\t\t\t<\/div>\n\t\t\t\t<\/div>\n\t\t<div class=\"elementor-element elementor-element-326e897a e-con-full card-middle stacked-card e-flex e-con e-child\" data-id=\"326e897a\" data-element_type=\"container\" data-e-type=\"container\" data-settings=\"{&quot;background_background&quot;:&quot;classic&quot;}\">\n\t\t<div class=\"elementor-element elementor-element-3c29e3da e-con-full card-image e-flex e-con e-child\" data-id=\"3c29e3da\" data-element_type=\"container\" data-e-type=\"container\" data-settings=\"{&quot;background_background&quot;:&quot;classic&quot;}\">\n\t\t\t\t<\/div>\n\t\t\t\t<div class=\"elementor-element elementor-element-53e1477f elementor-widget elementor-widget-heading\" data-id=\"53e1477f\" data-element_type=\"widget\" data-e-type=\"widget\" data-widget_type=\"heading.default\">\n\t\t\t\t\t<h2 class=\"elementor-heading-title elementor-size-default\">M\u00e1s de 25 a\u00f1os de experiencia<\/h2>\t\t\t\t<\/div>\n\t\t\t\t<div class=\"elementor-element elementor-element-19690502 elementor-widget elementor-widget-text-editor\" data-id=\"19690502\" data-element_type=\"widget\" data-e-type=\"widget\" data-widget_type=\"text-editor.default\">\n\t\t\t\t\t\t\t\t\t<p data-start=\"1690\" data-end=\"1801\">Nuestra trayectoria en el sector nos permite ofrecer soluciones fiables y adaptadas a cada proyecto, incluyendo tambi\u00e9n trabajos de pintura realizados con altos est\u00e1ndares de calidad.<\/p>\t\t\t\t\t\t\t\t<\/div>\n\t\t\t\t<\/div>\n\t\t<div class=\"elementor-element elementor-element-2cd1b95 e-con-full card-right stacked-card e-flex e-con e-child\" data-id=\"2cd1b95\" data-element_type=\"container\" data-e-type=\"container\" data-settings=\"{&quot;background_background&quot;:&quot;classic&quot;}\">\n\t\t<div class=\"elementor-element elementor-element-52bb3f8a e-con-full card-image e-flex e-con e-child\" data-id=\"52bb3f8a\" data-element_type=\"container\" data-e-type=\"container\" data-settings=\"{&quot;background_background&quot;:&quot;classic&quot;}\">\n\t\t\t\t<\/div>\n\t\t\t\t<div class=\"elementor-element elementor-element-2406b088 elementor-widget elementor-widget-heading\" data-id=\"2406b088\" data-element_type=\"widget\" data-e-type=\"widget\" data-widget_type=\"heading.default\">\n\t\t\t\t\t<h2 class=\"elementor-heading-title elementor-size-default\">Aislamiento y confort<\/h2>\t\t\t\t<\/div>\n\t\t\t\t<div class=\"elementor-element elementor-element-233cacf4 elementor-widget elementor-widget-text-editor\" data-id=\"233cacf4\" data-element_type=\"widget\" data-e-type=\"widget\" data-widget_type=\"text-editor.default\">\n\t\t\t\t\t\t\t\t\t<p data-start=\"1890\" data-end=\"2001\">Mejoramos el aislamiento ac\u00fastico y t\u00e9rmico y protegemos tu vivienda o negocio frente a la humedad y el ruido.<\/p>\t\t\t\t\t\t\t\t<\/div>\n\t\t\t\t<\/div>\n\t\t\t\t<\/div>\n\t\t\t\t<div class=\"elementor-element elementor-element-1f3db419 elementor-widget elementor-widget-html\" data-id=\"1f3db419\" data-element_type=\"widget\" data-e-type=\"widget\" data-widget_type=\"html.default\">\n\t\t\t\t\t<style>\n\/* 1. Base Setup for the Cards *\/\n.stacked-card {\n    transition: transform 1.2s cubic-bezier(0.22, 1, 0.36, 1), opacity 0.8s ease;\n    will-change: transform;\n}\n\n\/* 2. Initial \"Stacked\" Positions (Before Scroll) *\/\n.card-left {\n    \/* Moves card right and tilts it behind middle *\/\n    transform: translateX(220px) rotate(-15deg); \n    z-index: 5;\n}\n\n.card-middle {\n    \/* Middle stays centered but higher z-index *\/\n    transform: scale(1.02);\n    z-index: 10;\n}\n\n.card-right {\n    \/* Moves card left and tilts it behind middle *\/\n    transform: translateX(-220px) rotate(15deg);\n    z-index: 5;\n}\n\n\/* 3. The \"Active\" State (The Reset to 0) *\/\n\/* This triggers when the .is-active class is added via JS *\/\n.stack-parent.is-active .card-left,\n.stack-parent.is-active .card-right {\n    transform: translateX(0) rotate(0deg);\n}\n\n.stack-parent.is-active .card-middle {\n    transform: scale(1);\n}\n\n\/* 4. Mobile Responsiveness *\/\n\/* We usually want to disable the rotation on small screens *\/\n@media (max-width: 767px) {\n    .card-left, .card-right {\n        transform: translateX(0) rotate(0deg) !important;\n    }\n}\n<\/style>\n\n<script>\ndocument.addEventListener('DOMContentLoaded', function() {\n    const observerOptions = {\n        root: null,\n        \/* rootMargin: Top, Right, Bottom, Left *\/\n        \/* This ensures the cards rotate back before they fully leave the screen *\/\n        rootMargin: '-40% 0px -40% 0px', \n        threshold: 0 \n    };\n\n    const observer = new IntersectionObserver((entries) => {\n        entries.forEach(entry => {\n            if (entry.isIntersecting) {\n                \/\/ When entering the \"window\", straighten the cards\n                entry.target.classList.add('is-active');\n            } else {\n                \/\/ When leaving (scrolling up OR down), rotate them back\n                entry.target.classList.remove('is-active');\n            }\n        });\n    }, observerOptions);\n\n    const target = document.querySelector('.stack-parent');\n    if (target) {\n        observer.observe(target);\n    }\n});\n<\/script>\n\n<script>\nfunction mapRange(n, a, b, c, d) {\n  return ((n - a) * (d - c)) \/ (b - a) + c;\n}\n\ndocument.addEventListener(\"DOMContentLoaded\", function () {\n\n  const cards = document.querySelectorAll(\".stacked-card\");\n\n  cards.forEach(card => {\n\n    \/\/ Create gloss\n    const gloss = document.createElement(\"div\");\n    gloss.classList.add(\"card-gloss\");\n    card.appendChild(gloss);\n\n    card.addEventListener(\"mousemove\", (e) => {\n\n      const rect = card.getBoundingClientRect();\n\n      const centerX = rect.left + rect.width \/ 2;\n      const centerY = rect.top + rect.height \/ 2;\n\n      const deltaX = e.clientX - centerX;\n      const deltaY = e.clientY - centerY;\n\n      const distance = Math.sqrt(deltaX * deltaX + deltaY * deltaY);\n      const maxDistance = Math.max(rect.width \/ 2, rect.height \/ 2);\n\n      const rotateX = mapRange(deltaY, -rect.height\/2, rect.height\/2, 8, -8);\n      const rotateY = mapRange(deltaX, -rect.width\/2, rect.width\/2, -8, 8);\n\n      card.style.transform = `\n        perspective(1000px)\n        rotateX(${rotateX}deg)\n        rotateY(${rotateY}deg)\n      `;\n\n      gloss.style.opacity = mapRange(distance, 0, maxDistance, 0, 0.5);\n      gloss.style.background = `\n        radial-gradient(\n          circle at ${e.clientX - rect.left}px ${e.clientY - rect.top}px,\n          rgba(255,255,255,0.8),\n          rgba(255,255,255,0) 60%\n        )\n      `;\n    });\n\n    card.addEventListener(\"mouseleave\", () => {\n      card.style.transform = `\n        perspective(1000px)\n        rotateX(0deg)\n        rotateY(0deg)\n      `;\n      gloss.style.opacity = \"0\";\n    });\n\n  });\n\n});\n<\/script>\t\t\t\t<\/div>\n\t\t\t\t\t<\/div>\n\t\t\t\t<\/div>\n\t\t\t\t<\/div>\n\t\t<div class=\"elementor-element elementor-element-4d6c03fb e-con-full e-flex e-con e-child\" data-id=\"4d6c03fb\" data-element_type=\"container\" data-e-type=\"container\" data-settings=\"{&quot;background_background&quot;:&quot;classic&quot;}\">\n\t\t\t\t<div class=\"elementor-element elementor-element-7ab1896f elementor-widget elementor-widget-heading\" data-id=\"7ab1896f\" data-element_type=\"widget\" data-e-type=\"widget\" data-widget_type=\"heading.default\">\n\t\t\t\t\t<h2 class=\"elementor-heading-title elementor-size-default\">\u00bfNecesitas renovar tus ventanas o cerramientos?<\/h2>\t\t\t\t<\/div>\n\t\t\t\t<div class=\"elementor-element elementor-element-24046424 elementor-widget elementor-widget-text-editor\" data-id=\"24046424\" data-element_type=\"widget\" data-e-type=\"widget\" data-widget_type=\"text-editor.default\">\n\t\t\t\t\t\t\t\t\t<p data-start=\"2107\" data-end=\"2303\">Si est\u00e1s pensando en mejorar el aislamiento de tu vivienda o realizar una reforma, en <strong data-start=\"2204\" data-end=\"2213\">PUSAN<\/strong> estaremos encantados de ayudarte. Contacta con nosotros y te asesoraremos sin compromiso.<\/p><p data-start=\"2305\" data-end=\"2330\">\u00a0<\/p>\t\t\t\t\t\t\t\t<\/div>\n\t\t\t\t<div class=\"elementor-element elementor-element-1f9d3115 elementor-tablet-align-center elementor-mobile-align-center elementor-widget elementor-widget-button\" data-id=\"1f9d3115\" data-element_type=\"widget\" data-e-type=\"widget\" data-widget_type=\"button.default\">\n\t\t\t\t\t\t\t\t\t\t<a class=\"elementor-button elementor-button-link elementor-size-sm\" href=\"tel:%20615%20754%20683\">\n\t\t\t\t\t\t<span class=\"elementor-button-content-wrapper\">\n\t\t\t\t\t\t\t\t\t<span class=\"elementor-button-text\">Contactar ahora<\/span>\n\t\t\t\t\t<\/span>\n\t\t\t\t\t<\/a>\n\t\t\t\t\t\t\t\t<\/div>\n\t\t\t\t<\/div>\n\t\t\t\t\t<\/div>\n\t\t\t\t<\/div>\n\t\t\t\t<\/div>\n\t\t","protected":false},"excerpt":{"rendered":"<p>Reformas de interiores y carpinter\u00eda en aluminio y PVC En PUSAN contamos con m\u00e1s de 25 a\u00f1os de experiencia en la instalaci\u00f3n y rehabilitaci\u00f3n de ventanas, puertas y cerramientos de balc\u00f3n. Ofrecemos soluciones duraderas de aislamiento ac\u00fastico y protecci\u00f3n contra la humedad para particulares y empresas. Ver Servicios . M\u00e1s de 25 a\u00f1os de experiencia [&hellip;]<\/p>\n","protected":false},"author":1,"featured_media":0,"parent":0,"menu_order":0,"comment_status":"closed","ping_status":"closed","template":"elementor_canvas","meta":{"footnotes":""},"class_list":["post-20","page","type-page","status-publish","hentry"],"yoast_head":"<!-- This site is optimized with the Yoast SEO plugin v27.3 - https:\/\/yoast.com\/product\/yoast-seo-wordpress\/ -->\n<title>Inicio - PUSAN<\/title>\n<meta name=\"robots\" content=\"index, follow, max-snippet:-1, max-image-preview:large, max-video-preview:-1\" \/>\n<link rel=\"canonical\" href=\"https:\/\/pusandurango.com\/eu\/\" \/>\n<meta property=\"og:locale\" content=\"en_US\" \/>\n<meta property=\"og:type\" content=\"article\" \/>\n<meta property=\"og:title\" content=\"Inicio - PUSAN\" \/>\n<meta property=\"og:description\" content=\"Reformas de interiores y carpinter\u00eda en aluminio y PVC En PUSAN contamos con m\u00e1s de 25 a\u00f1os de experiencia en la instalaci\u00f3n y rehabilitaci\u00f3n de ventanas, puertas y cerramientos de balc\u00f3n. Ofrecemos soluciones duraderas de aislamiento ac\u00fastico y protecci\u00f3n contra la humedad para particulares y empresas. Ver Servicios . M\u00e1s de 25 a\u00f1os de experiencia [&hellip;]\" \/>\n<meta property=\"og:url\" content=\"https:\/\/pusandurango.com\/eu\/\" \/>\n<meta property=\"og:site_name\" content=\"PUSAN\" \/>\n<meta property=\"article:modified_time\" content=\"2026-04-09T07:54:22+00:00\" \/>\n<meta name=\"twitter:card\" content=\"summary_large_image\" \/>\n<meta name=\"twitter:label1\" content=\"Est. reading time\" \/>\n\t<meta name=\"twitter:data1\" content=\"3 minutua\" \/>\n<script type=\"application\/ld+json\" class=\"yoast-schema-graph\">{\"@context\":\"https:\\\/\\\/schema.org\",\"@graph\":[{\"@type\":\"WebPage\",\"@id\":\"https:\\\/\\\/pusandurango.com\\\/\",\"url\":\"https:\\\/\\\/pusandurango.com\\\/\",\"name\":\"Inicio - PUSAN\",\"isPartOf\":{\"@id\":\"https:\\\/\\\/pusandurango.com\\\/#website\"},\"primaryImageOfPage\":{\"@id\":\"https:\\\/\\\/pusandurango.com\\\/#primaryimage\"},\"image\":{\"@id\":\"https:\\\/\\\/pusandurango.com\\\/#primaryimage\"},\"thumbnailUrl\":\"https:\\\/\\\/pusandurango.com\\\/wp-content\\\/uploads\\\/2026\\\/03\\\/image-3.avif\",\"datePublished\":\"2026-03-13T08:38:51+00:00\",\"dateModified\":\"2026-04-09T07:54:22+00:00\",\"breadcrumb\":{\"@id\":\"https:\\\/\\\/pusandurango.com\\\/#breadcrumb\"},\"inLanguage\":\"eu\",\"potentialAction\":[{\"@type\":\"ReadAction\",\"target\":[\"https:\\\/\\\/pusandurango.com\\\/\"]}]},{\"@type\":\"ImageObject\",\"inLanguage\":\"eu\",\"@id\":\"https:\\\/\\\/pusandurango.com\\\/#primaryimage\",\"url\":\"https:\\\/\\\/pusandurango.com\\\/wp-content\\\/uploads\\\/2026\\\/03\\\/image-3.avif\",\"contentUrl\":\"https:\\\/\\\/pusandurango.com\\\/wp-content\\\/uploads\\\/2026\\\/03\\\/image-3.avif\"},{\"@type\":\"BreadcrumbList\",\"@id\":\"https:\\\/\\\/pusandurango.com\\\/#breadcrumb\",\"itemListElement\":[{\"@type\":\"ListItem\",\"position\":1,\"name\":\"Portada\",\"item\":\"https:\\\/\\\/pusandurango.com\\\/\"},{\"@type\":\"ListItem\",\"position\":2,\"name\":\"Inicio\"}]},{\"@type\":\"WebSite\",\"@id\":\"https:\\\/\\\/pusandurango.com\\\/#website\",\"url\":\"https:\\\/\\\/pusandurango.com\\\/\",\"name\":\"PUSAN\",\"description\":\"\",\"potentialAction\":[{\"@type\":\"SearchAction\",\"target\":{\"@type\":\"EntryPoint\",\"urlTemplate\":\"https:\\\/\\\/pusandurango.com\\\/?s={search_term_string}\"},\"query-input\":{\"@type\":\"PropertyValueSpecification\",\"valueRequired\":true,\"valueName\":\"search_term_string\"}}],\"inLanguage\":\"eu\"}]}<\/script>\n<!-- \/ Yoast SEO plugin. -->","yoast_head_json":{"title":"Inicio - PUSAN","robots":{"index":"index","follow":"follow","max-snippet":"max-snippet:-1","max-image-preview":"max-image-preview:large","max-video-preview":"max-video-preview:-1"},"canonical":"https:\/\/pusandurango.com\/eu\/","og_locale":"en_US","og_type":"article","og_title":"Inicio - PUSAN","og_description":"Reformas de interiores y carpinter\u00eda en aluminio y PVC En PUSAN contamos con m\u00e1s de 25 a\u00f1os de experiencia en la instalaci\u00f3n y rehabilitaci\u00f3n de ventanas, puertas y cerramientos de balc\u00f3n. Ofrecemos soluciones duraderas de aislamiento ac\u00fastico y protecci\u00f3n contra la humedad para particulares y empresas. Ver Servicios . M\u00e1s de 25 a\u00f1os de experiencia [&hellip;]","og_url":"https:\/\/pusandurango.com\/eu\/","og_site_name":"PUSAN","article_modified_time":"2026-04-09T07:54:22+00:00","twitter_card":"summary_large_image","twitter_misc":{"Est. reading time":"3 minutua"},"schema":{"@context":"https:\/\/schema.org","@graph":[{"@type":"WebPage","@id":"https:\/\/pusandurango.com\/","url":"https:\/\/pusandurango.com\/","name":"Inicio - PUSAN","isPartOf":{"@id":"https:\/\/pusandurango.com\/#website"},"primaryImageOfPage":{"@id":"https:\/\/pusandurango.com\/#primaryimage"},"image":{"@id":"https:\/\/pusandurango.com\/#primaryimage"},"thumbnailUrl":"https:\/\/pusandurango.com\/wp-content\/uploads\/2026\/03\/image-3.avif","datePublished":"2026-03-13T08:38:51+00:00","dateModified":"2026-04-09T07:54:22+00:00","breadcrumb":{"@id":"https:\/\/pusandurango.com\/#breadcrumb"},"inLanguage":"eu","potentialAction":[{"@type":"ReadAction","target":["https:\/\/pusandurango.com\/"]}]},{"@type":"ImageObject","inLanguage":"eu","@id":"https:\/\/pusandurango.com\/#primaryimage","url":"https:\/\/pusandurango.com\/wp-content\/uploads\/2026\/03\/image-3.avif","contentUrl":"https:\/\/pusandurango.com\/wp-content\/uploads\/2026\/03\/image-3.avif"},{"@type":"BreadcrumbList","@id":"https:\/\/pusandurango.com\/#breadcrumb","itemListElement":[{"@type":"ListItem","position":1,"name":"Portada","item":"https:\/\/pusandurango.com\/"},{"@type":"ListItem","position":2,"name":"Inicio"}]},{"@type":"WebSite","@id":"https:\/\/pusandurango.com\/#website","url":"https:\/\/pusandurango.com\/","name":"Busan","description":"","potentialAction":[{"@type":"SearchAction","target":{"@type":"EntryPoint","urlTemplate":"https:\/\/pusandurango.com\/?s={search_term_string}"},"query-input":{"@type":"PropertyValueSpecification","valueRequired":true,"valueName":"search_term_string"}}],"inLanguage":"eu"}]}},"_links":{"self":[{"href":"https:\/\/pusandurango.com\/eu\/wp-json\/wp\/v2\/pages\/20","targetHints":{"allow":["GET"]}}],"collection":[{"href":"https:\/\/pusandurango.com\/eu\/wp-json\/wp\/v2\/pages"}],"about":[{"href":"https:\/\/pusandurango.com\/eu\/wp-json\/wp\/v2\/types\/page"}],"author":[{"embeddable":true,"href":"https:\/\/pusandurango.com\/eu\/wp-json\/wp\/v2\/users\/1"}],"replies":[{"embeddable":true,"href":"https:\/\/pusandurango.com\/eu\/wp-json\/wp\/v2\/comments?post=20"}],"version-history":[{"count":89,"href":"https:\/\/pusandurango.com\/eu\/wp-json\/wp\/v2\/pages\/20\/revisions"}],"predecessor-version":[{"id":333,"href":"https:\/\/pusandurango.com\/eu\/wp-json\/wp\/v2\/pages\/20\/revisions\/333"}],"wp:attachment":[{"href":"https:\/\/pusandurango.com\/eu\/wp-json\/wp\/v2\/media?parent=20"}],"curies":[{"name":"wp","href":"https:\/\/api.w.org\/{rel}","templated":true}]}}