{"id":26,"date":"2026-03-13T08:38:52","date_gmt":"2026-03-13T08:38:52","guid":{"rendered":"https:\/\/pusandurango.rkinformatika.online\/?page_id=26"},"modified":"2026-03-27T10:32:14","modified_gmt":"2026-03-27T10:32:14","slug":"servicios","status":"publish","type":"page","link":"https:\/\/pusandurango.com\/eu\/servicios\/","title":{"rendered":"Zerbitzuak"},"content":{"rendered":"<div data-elementor-type=\"wp-page\" data-elementor-id=\"26\" class=\"elementor elementor-26\" data-elementor-post-type=\"page\">\n\t\t\t\t<div class=\"elementor-element elementor-element-fd23322 e-con-full e-flex e-con e-parent\" data-id=\"fd23322\" data-element_type=\"container\" data-e-type=\"container\" data-settings=\"{&quot;background_background&quot;:&quot;classic&quot;}\">\n\t\t<div class=\"elementor-element elementor-element-c943e63 e-con-full e-flex e-con e-child\" data-id=\"c943e63\" data-element_type=\"container\" data-e-type=\"container\">\n\t\t<div class=\"elementor-element elementor-element-0ca2d17 e-con-full e-flex e-con e-child\" data-id=\"0ca2d17\" data-element_type=\"container\" data-e-type=\"container\" data-settings=\"{&quot;background_background&quot;:&quot;classic&quot;}\">\n\t\t\t\t<\/div>\n\t\t<div class=\"elementor-element elementor-element-ba79204 e-con-full e-flex e-con e-child\" data-id=\"ba79204\" data-element_type=\"container\" data-e-type=\"container\" data-settings=\"{&quot;background_background&quot;:&quot;classic&quot;}\">\n\t\t\t\t<div class=\"elementor-element elementor-element-3bddb94 elementor-widget elementor-widget-heading\" data-id=\"3bddb94\" data-element_type=\"widget\" data-e-type=\"widget\" data-widget_type=\"heading.default\">\n\t\t\t\t\t<h2 class=\"elementor-heading-title elementor-size-default\">Cerramientos de balc\u00f3n<\/h2>\t\t\t\t<\/div>\n\t\t\t\t<div class=\"elementor-element elementor-element-499ac59 elementor-widget elementor-widget-text-editor\" data-id=\"499ac59\" data-element_type=\"widget\" data-e-type=\"widget\" data-widget_type=\"text-editor.default\">\n\t\t\t\t\t\t\t\t\t<p data-start=\"2710\" data-end=\"2782\">Instalamos cerramientos de balc\u00f3n que permiten aprovechar el espacio durante todo el a\u00f1o y mejorar el aislamiento.<\/p>\t\t\t\t\t\t\t\t<\/div>\n\t\t\t\t<\/div>\n\t\t\t\t<\/div>\n\t\t<div class=\"elementor-element elementor-element-60ef80a e-con-full e-flex e-con e-child\" data-id=\"60ef80a\" data-element_type=\"container\" data-e-type=\"container\">\n\t\t<div class=\"elementor-element elementor-element-da0f129 e-con-full e-flex e-con e-child\" data-id=\"da0f129\" data-element_type=\"container\" data-e-type=\"container\" data-settings=\"{&quot;background_background&quot;:&quot;classic&quot;}\">\n\t\t\t\t<\/div>\n\t\t<div class=\"elementor-element elementor-element-06df7c9 e-con-full e-flex e-con e-child\" data-id=\"06df7c9\" data-element_type=\"container\" data-e-type=\"container\" data-settings=\"{&quot;background_background&quot;:&quot;classic&quot;}\">\n\t\t\t\t<div class=\"elementor-element elementor-element-770a672 elementor-widget elementor-widget-heading\" data-id=\"770a672\" data-element_type=\"widget\" data-e-type=\"widget\" data-widget_type=\"heading.default\">\n\t\t\t\t\t<h2 class=\"elementor-heading-title elementor-size-default\">Reformas de interiores<\/h2>\t\t\t\t<\/div>\n\t\t\t\t<div class=\"elementor-element elementor-element-48ad9c7 elementor-widget elementor-widget-text-editor\" data-id=\"48ad9c7\" data-element_type=\"widget\" data-e-type=\"widget\" data-widget_type=\"text-editor.default\">\n\t\t\t\t\t\t\t\t\t<p>-Decoraci\u00f3n en escayola.<br \/>-Tabaquera seca.<br \/>-Techos falsos.<br \/>-Aislamiento t\u00e9rmico y ac\u00fastico.<br \/>-Pintura y acabados.<br \/>-Alba\u00f1iler\u00eda en general.<br \/>-Suministro y colocaci\u00f3n de suelo laminado y puertas de madera.<br \/>-Suministro y colocaci\u00f3n de ventanas, puertas y cierres en Aluminio RPT y PVC.<\/p>\t\t\t\t\t\t\t\t<\/div>\n\t\t\t\t<\/div>\n\t\t\t\t<\/div>\n\t\t<div class=\"elementor-element elementor-element-c108d8e e-con-full e-flex e-con e-child\" data-id=\"c108d8e\" data-element_type=\"container\" data-e-type=\"container\">\n\t\t<div class=\"elementor-element elementor-element-c5566f6 e-con-full e-flex e-con e-child\" data-id=\"c5566f6\" data-element_type=\"container\" data-e-type=\"container\" data-settings=\"{&quot;background_background&quot;:&quot;classic&quot;}\">\n\t\t\t\t<\/div>\n\t\t<div class=\"elementor-element elementor-element-697e99e e-con-full e-flex e-con e-child\" data-id=\"697e99e\" data-element_type=\"container\" data-e-type=\"container\" data-settings=\"{&quot;background_background&quot;:&quot;classic&quot;}\">\n\t\t\t\t<div class=\"elementor-element elementor-element-b779731 elementor-widget elementor-widget-heading\" data-id=\"b779731\" data-element_type=\"widget\" data-e-type=\"widget\" data-widget_type=\"heading.default\">\n\t\t\t\t\t<h2 class=\"elementor-heading-title elementor-size-default\">Tratamiento contra humedad<\/h2>\t\t\t\t<\/div>\n\t\t\t\t<div class=\"elementor-element elementor-element-aa7848e elementor-widget elementor-widget-text-editor\" data-id=\"aa7848e\" data-element_type=\"widget\" data-e-type=\"widget\" data-widget_type=\"text-editor.default\">\n\t\t\t\t\t\t\t\t\t<p data-start=\"3500\" data-end=\"3624\">Soluciones para prevenir y reparar problemas de humedad, protegiendo la estructura y el interior de los espacios.<\/p>\t\t\t\t\t\t\t\t<\/div>\n\t\t\t\t<\/div>\n\t\t\t\t<\/div>\n\t\t\t\t<\/div>\n\t\t\t\t<\/div>","protected":false},"excerpt":{"rendered":"<p>Cerramientos de balc\u00f3n Instalamos cerramientos de balc\u00f3n que permiten aprovechar el espacio durante todo el a\u00f1o y mejorar el aislamiento. Reformas de interiores -Decoraci\u00f3n en escayola.-Tabaquera seca.-Techos falsos.-Aislamiento t\u00e9rmico y ac\u00fastico.-Pintura y acabados.-Alba\u00f1iler\u00eda en general.-Suministro y colocaci\u00f3n de suelo laminado y puertas de madera.-Suministro y colocaci\u00f3n de ventanas, puertas y cierres en Aluminio RPT y [&hellip;]<\/p>\n","protected":false},"author":1,"featured_media":0,"parent":0,"menu_order":0,"comment_status":"closed","ping_status":"closed","template":"elementor_canvas","meta":{"footnotes":""},"class_list":["post-26","page","type-page","status-publish","hentry"],"yoast_head":"<!-- This site is optimized with the Yoast SEO plugin v27.3 - https:\/\/yoast.com\/product\/yoast-seo-wordpress\/ -->\n<title>Servicios - PUSAN<\/title>\n<meta name=\"robots\" content=\"index, follow, max-snippet:-1, max-image-preview:large, max-video-preview:-1\" \/>\n<link rel=\"canonical\" href=\"https:\/\/pusandurango.com\/eu\/servicios\/\" \/>\n<meta property=\"og:locale\" content=\"en_US\" \/>\n<meta property=\"og:type\" content=\"article\" \/>\n<meta property=\"og:title\" content=\"Servicios - PUSAN\" \/>\n<meta property=\"og:description\" content=\"Cerramientos de balc\u00f3n Instalamos cerramientos de balc\u00f3n que permiten aprovechar el espacio durante todo el a\u00f1o y mejorar el aislamiento. Reformas de interiores -Decoraci\u00f3n en escayola.-Tabaquera seca.-Techos falsos.-Aislamiento t\u00e9rmico y ac\u00fastico.-Pintura y acabados.-Alba\u00f1iler\u00eda en general.-Suministro y colocaci\u00f3n de suelo laminado y puertas de madera.-Suministro y colocaci\u00f3n de ventanas, puertas y cierres en Aluminio RPT y [&hellip;]\" \/>\n<meta property=\"og:url\" content=\"https:\/\/pusandurango.com\/eu\/servicios\/\" \/>\n<meta property=\"og:site_name\" content=\"PUSAN\" \/>\n<meta property=\"article:modified_time\" content=\"2026-03-27T10:32:14+00:00\" \/>\n<meta name=\"twitter:card\" content=\"summary_large_image\" \/>\n<meta name=\"twitter:label1\" content=\"Est. reading time\" \/>\n\t<meta name=\"twitter:data1\" content=\"1 minutua\" \/>\n<script type=\"application\/ld+json\" class=\"yoast-schema-graph\">{\"@context\":\"https:\\\/\\\/schema.org\",\"@graph\":[{\"@type\":\"WebPage\",\"@id\":\"https:\\\/\\\/pusandurango.com\\\/servicios\\\/\",\"url\":\"https:\\\/\\\/pusandurango.com\\\/servicios\\\/\",\"name\":\"Servicios - PUSAN\",\"isPartOf\":{\"@id\":\"https:\\\/\\\/pusandurango.com\\\/#website\"},\"datePublished\":\"2026-03-13T08:38:52+00:00\",\"dateModified\":\"2026-03-27T10:32:14+00:00\",\"breadcrumb\":{\"@id\":\"https:\\\/\\\/pusandurango.com\\\/servicios\\\/#breadcrumb\"},\"inLanguage\":\"eu\",\"potentialAction\":[{\"@type\":\"ReadAction\",\"target\":[\"https:\\\/\\\/pusandurango.com\\\/servicios\\\/\"]}]},{\"@type\":\"BreadcrumbList\",\"@id\":\"https:\\\/\\\/pusandurango.com\\\/servicios\\\/#breadcrumb\",\"itemListElement\":[{\"@type\":\"ListItem\",\"position\":1,\"name\":\"Portada\",\"item\":\"https:\\\/\\\/pusandurango.com\\\/\"},{\"@type\":\"ListItem\",\"position\":2,\"name\":\"Servicios\"}]},{\"@type\":\"WebSite\",\"@id\":\"https:\\\/\\\/pusandurango.com\\\/#website\",\"url\":\"https:\\\/\\\/pusandurango.com\\\/\",\"name\":\"PUSAN\",\"description\":\"\",\"potentialAction\":[{\"@type\":\"SearchAction\",\"target\":{\"@type\":\"EntryPoint\",\"urlTemplate\":\"https:\\\/\\\/pusandurango.com\\\/?s={search_term_string}\"},\"query-input\":{\"@type\":\"PropertyValueSpecification\",\"valueRequired\":true,\"valueName\":\"search_term_string\"}}],\"inLanguage\":\"eu\"}]}<\/script>\n<!-- \/ Yoast SEO plugin. -->","yoast_head_json":{"title":"Servicios - PUSAN","robots":{"index":"index","follow":"follow","max-snippet":"max-snippet:-1","max-image-preview":"max-image-preview:large","max-video-preview":"max-video-preview:-1"},"canonical":"https:\/\/pusandurango.com\/eu\/servicios\/","og_locale":"en_US","og_type":"article","og_title":"Servicios - PUSAN","og_description":"Cerramientos de balc\u00f3n Instalamos cerramientos de balc\u00f3n que permiten aprovechar el espacio durante todo el a\u00f1o y mejorar el aislamiento. Reformas de interiores -Decoraci\u00f3n en escayola.-Tabaquera seca.-Techos falsos.-Aislamiento t\u00e9rmico y ac\u00fastico.-Pintura y acabados.-Alba\u00f1iler\u00eda en general.-Suministro y colocaci\u00f3n de suelo laminado y puertas de madera.-Suministro y colocaci\u00f3n de ventanas, puertas y cierres en Aluminio RPT y [&hellip;]","og_url":"https:\/\/pusandurango.com\/eu\/servicios\/","og_site_name":"PUSAN","article_modified_time":"2026-03-27T10:32:14+00:00","twitter_card":"summary_large_image","twitter_misc":{"Est. reading time":"1 minutua"},"schema":{"@context":"https:\/\/schema.org","@graph":[{"@type":"WebPage","@id":"https:\/\/pusandurango.com\/servicios\/","url":"https:\/\/pusandurango.com\/servicios\/","name":"Servicios - PUSAN","isPartOf":{"@id":"https:\/\/pusandurango.com\/#website"},"datePublished":"2026-03-13T08:38:52+00:00","dateModified":"2026-03-27T10:32:14+00:00","breadcrumb":{"@id":"https:\/\/pusandurango.com\/servicios\/#breadcrumb"},"inLanguage":"eu","potentialAction":[{"@type":"ReadAction","target":["https:\/\/pusandurango.com\/servicios\/"]}]},{"@type":"BreadcrumbList","@id":"https:\/\/pusandurango.com\/servicios\/#breadcrumb","itemListElement":[{"@type":"ListItem","position":1,"name":"Portada","item":"https:\/\/pusandurango.com\/"},{"@type":"ListItem","position":2,"name":"Servicios"}]},{"@type":"WebSite","@id":"https:\/\/pusandurango.com\/#website","url":"https:\/\/pusandurango.com\/","name":"Busan","description":"","potentialAction":[{"@type":"SearchAction","target":{"@type":"EntryPoint","urlTemplate":"https:\/\/pusandurango.com\/?s={search_term_string}"},"query-input":{"@type":"PropertyValueSpecification","valueRequired":true,"valueName":"search_term_string"}}],"inLanguage":"eu"}]}},"_links":{"self":[{"href":"https:\/\/pusandurango.com\/eu\/wp-json\/wp\/v2\/pages\/26","targetHints":{"allow":["GET"]}}],"collection":[{"href":"https:\/\/pusandurango.com\/eu\/wp-json\/wp\/v2\/pages"}],"about":[{"href":"https:\/\/pusandurango.com\/eu\/wp-json\/wp\/v2\/types\/page"}],"author":[{"embeddable":true,"href":"https:\/\/pusandurango.com\/eu\/wp-json\/wp\/v2\/users\/1"}],"replies":[{"embeddable":true,"href":"https:\/\/pusandurango.com\/eu\/wp-json\/wp\/v2\/comments?post=26"}],"version-history":[{"count":56,"href":"https:\/\/pusandurango.com\/eu\/wp-json\/wp\/v2\/pages\/26\/revisions"}],"predecessor-version":[{"id":307,"href":"https:\/\/pusandurango.com\/eu\/wp-json\/wp\/v2\/pages\/26\/revisions\/307"}],"wp:attachment":[{"href":"https:\/\/pusandurango.com\/eu\/wp-json\/wp\/v2\/media?parent=26"}],"curies":[{"name":"wp","href":"https:\/\/api.w.org\/{rel}","templated":true}]}}